{"id":3103,"date":"2024-12-30T13:24:33","date_gmt":"2024-12-30T18:24:33","guid":{"rendered":"https:\/\/sym-tech.ca\/services\/"},"modified":"2025-08-28T12:09:00","modified_gmt":"2025-08-28T16:09:00","slug":"services","status":"publish","type":"page","link":"https:\/\/sym-tech.ca\/fr\/services\/","title":{"rendered":"Services"},"content":{"rendered":"<h1>Services<span class=\"dot\">.<\/span><\/h1>\n<hr>\n<div>Nous avons con\u00e7u une gamme compl\u00e8te de solutions pour optimiser la performance de votre concession en mati\u00e8re de produits de commercialisation apr\u00e8s-vente.<\/div>\n<div>\n<p>    <!-- PLACEHOLDER -->\n<\/div>\n<div>D\u00e9couvrez comment nos programmes destin\u00e9s aux concessionnaires, notre logiciel de commercialisation apr\u00e8s-vente ainsi que notre formation sp\u00e9cialis\u00e9e peuvent am\u00e9liorer votre rentabilit\u00e9, rationaliser vos op\u00e9rations et am\u00e9liorer l\u2019exp\u00e9rience client.<\/div>\n<ul>\n<li>\n<p>        <img decoding=\"async\" src=\"\/wp-content\/uploads\/2025\/07\/banner-customer-advantage-plan.jpg\" alt=\"\"><\/p>\n<h3>Le Programme Avantage Client\u1d39\u1d30 de Sym-Tech<\/h3>\n<p>Am\u00e9liorez votre performance au sein du bureau commercial<\/p>\n<p><a href=\"https:\/\/sym-tech.ca\/fr\/services\/le-programme-avantage-client-de-sym-tech\/\"><span uk-icon=\"icon: arrow-right\"><\/span><\/a><\/p>\n<\/li>\n<li>\n<p>        <img decoding=\"async\" src=\"\/wp-content\/uploads\/2025\/01\/banner-f-i-software.jpg\" alt=\"\"><\/p>\n<h3>Logiciel de commercialisation apr\u00e8s-vente<\/h3>\n<p>Am\u00e9liorez votre exp\u00e9rience client et rationalisez vos op\u00e9rations<\/p>\n<p><a href=\"https:\/\/sym-tech.ca\/fr\/services\/logiciel-de-commercialisation-apres-vente\/\"><span uk-icon=\"icon: arrow-right\"><\/span><\/a><\/p>\n<\/li>\n<li>\n<p>        <img decoding=\"async\" src=\"\/wp-content\/uploads\/2024\/12\/banner-training.jpg\" alt=\"\"><\/p>\n<h3>Formation<\/h3>\n<p>Mettez votre \u00e9quipe sur le chemin du succ\u00e8s<\/p>\n<p><a href=\"https:\/\/sym-tech.ca\/fr\/services\/formation\/\"><span uk-icon=\"icon: arrow-right\"><\/span><\/a><\/p>\n<\/li>\n<li>\n<p>        <img decoding=\"async\" src=\"\/wp-content\/uploads\/2025\/07\/banner-oem-partnership.jpg\" alt=\"\"><\/p>\n<h3>Partenariat avec les fabricants d\u2019\u00e9quipement d\u2019origine (OEM)<\/h3>\n<p>Faites concevoir, lancer et soutenir votre programme de produits et services compl\u00e9mentaires \u00e0 la vente par des sp\u00e9cialistes form\u00e9s par les manufacturiers<\/p>\n<p><a href=\"https:\/\/sym-tech.ca\/fr\/services\/partenariat-avec-les-fabricants-dorigine-oem\/\"><span uk-icon=\"icon: arrow-right\"><\/span><\/a><\/p>\n<\/li>\n<\/ul>\n<p><!--more--><br \/>\n<!-- {\"type\":\"layout\",\"children\":[{\"name\":\"Banner\",\"type\":\"section\",\"props\":{\"animation\":\"fade\",\"divider_color\":\"#FFFFFF\",\"divider_color_inherit_section\":false,\"divider_flip\":true,\"divider_height\":\"110\",\"divider_invert\":true,\"divider_layers_gap\":\"25\",\"divider_layers_opacity\":\"0.5\",\"divider_position\":\"bottom\",\"divider_responsive\":true,\"divider_shadow_blur_radius\":\"5\",\"divider_shadow_color\":\"#00000080\",\"divider_shadow_offset_x\":\"0\",\"divider_shadow_offset_y\":\"5\",\"divider_width\":\"100\",\"height_offset_top\":true,\"id\":\"banner\",\"image\":\"wp-content\\\/uploads\\\/2025\\\/07\\\/banner-services.jpg\",\"image_loading\":true,\"image_position\":\"center-center\",\"image_size\":\"contain\",\"media_blend_mode\":\"screen\",\"overlap\":false,\"padding_custom_bottom\":\"40\",\"padding_custom_top\":\"40\",\"padding_remove_bottom\":false,\"padding_remove_horizontal\":false,\"preserve_color\":false,\"responsive_padding_bottom_d\":\"10\",\"responsive_padding_bottom_l\":\"20\",\"responsive_padding_bottom_m\":\"10\",\"responsive_padding_bottom_s\":\"10\",\"responsive_padding_bottom_xl\":\"20\",\"responsive_padding_top_d\":\"80\",\"responsive_padding_top_l\":\"100\",\"responsive_padding_top_m\":\"100\",\"responsive_padding_top_s\":\"80\",\"responsive_padding_top_xl\":\"100\",\"style\":\"default\",\"style_custom_color\":\"#ccc\",\"title_breakpoint\":\"xl\",\"title_position\":\"top-left\",\"title_rotation\":\"left\",\"vertical_align\":\"middle\",\"width\":\"expand\",\"width_expand\":\"right\"},\"children\":[{\"type\":\"row\",\"props\":{\"column_gap\":\"collapse\",\"layout\":\"1-2,1-2\",\"padding_remove_horizontal\":false,\"parallax\":false,\"row_gap\":\"large\",\"width\":\"large\"},\"children\":[{\"type\":\"column\",\"props\":{\"id\":\"column-1\",\"image_position\":\"center-center\",\"position_sticky_breakpoint\":\"m\",\"vertical_align\":\"middle\",\"width_medium\":\"1-2\",\"width_small\":\"1-2\"},\"children\":[{\"type\":\"headline\",\"props\":{\"animation\":\"slide-top-medium\",\"block_align\":\"center\",\"block_align_breakpoint\":\"s\",\"content\":\"Services<span class=\\\"dot\\\">.<\\\/span>\",\"margin_remove_top\":false,\"maxwidth_breakpoint\":\"s\",\"text_align_breakpoint\":\"s\",\"text_align_fallback\":\"center\",\"title_element\":\"h1\",\"title_style\":\"heading-medium\"}},{\"type\":\"divider\",\"props\":{\"divider_element\":\"hr\",\"divider_style\":\"small\"}},{\"type\":\"text\",\"props\":{\"animation\":\"slide-bottom-medium\",\"block_align_breakpoint\":\"s\",\"block_align_fallback\":\"center\",\"column_breakpoint\":\"m\",\"content\":\"Nous avons con\\u00e7u une gamme compl\\u00e8te de solutions pour optimiser la performance de votre concession en mati\\u00e8re de produits de commercialisation apr\\u00e8s-vente.\",\"dropcap\":false,\"margin\":\"default\",\"text_align_breakpoint\":\"s\",\"text_align_fallback\":\"center\",\"text_color\":\"muted\",\"text_style\":\"large\"}}]},{\"type\":\"column\",\"props\":{\"id\":\"column-2\",\"image\":\"wp-content\\\/uploads\\\/2024\\\/11\\\/banner-curve-vertical-expanded.png\",\"image_loading\":true,\"image_parallax_bgx\":\"0 0%,500 50%\",\"image_parallax_easing\":\"1.5\",\"image_position\":\"center-left\",\"image_size\":\"height-1-1\",\"position_sticky_breakpoint\":\"m\",\"vertical_align\":\"middle\",\"width_medium\":\"1-2\",\"width_small\":\"1-2\"},\"children\":[{\"type\":\"html\",\"props\":{\"content\":\"<!-- PLACEHOLDER -->\u00ab\u00a0},\u00a0\u00bbname\u00a0\u00bb:\u00a0\u00bbPlaceholder\u00a0\u00bb}]}]}]},{\u00ab\u00a0name\u00a0\u00bb:\u00a0\u00bbProduct Groups\u00a0\u00bb,\u00a0\u00bbtype\u00a0\u00bb:\u00a0\u00bbsection\u00a0\u00bb,\u00a0\u00bbprops\u00a0\u00bb:{\u00ab\u00a0animation_delay\u00a0\u00bb:\u00a0\u00bb100&Prime;,\u00a0\u00bbdivider_height\u00a0\u00bb:\u00a0\u00bb120&Prime;,\u00a0\u00bbdivider_layers_gap\u00a0\u00bb:\u00a0\u00bb5&Prime;,\u00a0\u00bbdivider_layers_opacity\u00a0\u00bb:\u00a0\u00bb0.5&Prime;,\u00a0\u00bbdivider_position\u00a0\u00bb:\u00a0\u00bbtop\u00a0\u00bb,\u00a0\u00bbdivider_responsive\u00a0\u00bb:true,\u00a0\u00bbdivider_shadow_blur_radius\u00a0\u00bb:\u00a0\u00bb5&Prime;,\u00a0\u00bbdivider_shadow_color\u00a0\u00bb:\u00a0\u00bb#00000080&Prime;,\u00a0\u00bbdivider_shadow_offset_x\u00a0\u00bb:\u00a0\u00bb0&Prime;,\u00a0\u00bbdivider_shadow_offset_y\u00a0\u00bb:\u00a0\u00bb5&Prime;,\u00a0\u00bbdivider_width\u00a0\u00bb:\u00a0\u00bb100&Prime;,\u00a0\u00bbimage_position\u00a0\u00bb:\u00a0\u00bbtop-center\u00a0\u00bb,\u00a0\u00bbimage_size\u00a0\u00bb:\u00a0\u00bbcover\u00a0\u00bb,\u00a0\u00bbimage_width\u00a0\u00bb:\u00a0\u00bb2560&Prime;,\u00a0\u00bbmedia_overlay\u00a0\u00bb:\u00a0\u00bbrgba(0,0,0,0)\u00a0\u00bb,\u00a0\u00bbmedia_visibility\u00a0\u00bb:\u00a0\u00bbm\u00a0\u00bb,\u00a0\u00bbpadding\u00a0\u00bb:\u00a0\u00bblarge\u00a0\u00bb,\u00a0\u00bbpadding_custom_bottom\u00a0\u00bb:\u00a0\u00bb40&Prime;,\u00a0\u00bbpadding_custom_top\u00a0\u00bb:\u00a0\u00bb40&Prime;,\u00a0\u00bbpadding_remove_bottom\u00a0\u00bb:false,\u00a0\u00bbpadding_remove_top\u00a0\u00bb:false,\u00a0\u00bbresponsive_padding_bottom_d\u00a0\u00bb:\u00a0\u00bb70&Prime;,\u00a0\u00bbresponsive_padding_bottom_l\u00a0\u00bb:\u00a0\u00bb140&Prime;,\u00a0\u00bbresponsive_padding_bottom_m\u00a0\u00bb:\u00a0\u00bb140&Prime;,\u00a0\u00bbresponsive_padding_bottom_s\u00a0\u00bb:\u00a0\u00bb70&Prime;,\u00a0\u00bbresponsive_padding_bottom_xl\u00a0\u00bb:\u00a0\u00bb140&Prime;,\u00a0\u00bbresponsive_padding_top_d\u00a0\u00bb:\u00a0\u00bb70&Prime;,\u00a0\u00bbresponsive_padding_top_l\u00a0\u00bb:\u00a0\u00bb120&Prime;,\u00a0\u00bbresponsive_padding_top_m\u00a0\u00bb:\u00a0\u00bb100&Prime;,\u00a0\u00bbresponsive_padding_top_s\u00a0\u00bb:\u00a0\u00bb70&Prime;,\u00a0\u00bbresponsive_padding_top_xl\u00a0\u00bb:\u00a0\u00bb120&Prime;,\u00a0\u00bbstyle\u00a0\u00bb:\u00a0\u00bbdefault\u00a0\u00bb,\u00a0\u00bbstyle_custom_color\u00a0\u00bb:\u00a0\u00bb#ccc\u00a0\u00bb,\u00a0\u00bbtitle_breakpoint\u00a0\u00bb:\u00a0\u00bbxl\u00a0\u00bb,\u00a0\u00bbtitle_position\u00a0\u00bb:\u00a0\u00bbtop-left\u00a0\u00bb,\u00a0\u00bbtitle_rotation\u00a0\u00bb:\u00a0\u00bbleft\u00a0\u00bb,\u00a0\u00bbvertical_align\u00a0\u00bb:\u00a0\u00bbmiddle\u00a0\u00bb,\u00a0\u00bbwidth\u00a0\u00bb:\u00a0\u00bblarge\u00a0\u00bb},\u00a0\u00bbchildren\u00a0\u00bb:[{\u00ab\u00a0type\u00a0\u00bb:\u00a0\u00bbrow\u00a0\u00bb,\u00a0\u00bbprops\u00a0\u00bb:{\u00ab\u00a0column_gap\u00a0\u00bb:\u00a0\u00bblarge\u00a0\u00bb,\u00a0\u00bbrow_gap\u00a0\u00bb:\u00a0\u00bblarge\u00a0\u00bb},\u00a0\u00bbchildren\u00a0\u00bb:[{\u00ab\u00a0type\u00a0\u00bb:\u00a0\u00bbcolumn\u00a0\u00bb,\u00a0\u00bbprops\u00a0\u00bb:{\u00ab\u00a0image_position\u00a0\u00bb:\u00a0\u00bbcenter-center\u00a0\u00bb,\u00a0\u00bbposition_sticky_breakpoint\u00a0\u00bb:\u00a0\u00bbm\u00a0\u00bb},\u00a0\u00bbchildren\u00a0\u00bb:[{\u00ab\u00a0type\u00a0\u00bb:\u00a0\u00bbtext\u00a0\u00bb,\u00a0\u00bbprops\u00a0\u00bb:{\u00ab\u00a0block_align\u00a0\u00bb:\u00a0\u00bbcenter\u00a0\u00bb,\u00a0\u00bbcolumn_breakpoint\u00a0\u00bb:\u00a0\u00bbm\u00a0\u00bb,\u00a0\u00bbcontent\u00a0\u00bb:\u00a0\u00bbD\\u00e9couvrez comment nos programmes destin\\u00e9s aux concessionnaires, notre logiciel de commercialisation apr\\u00e8s-vente ainsi que notre formation sp\\u00e9cialis\\u00e9e peuvent am\\u00e9liorer votre rentabilit\\u00e9, rationaliser vos op\\u00e9rations et am\\u00e9liorer l\\u2019exp\\u00e9rience client.\u00a0\u00bb,\u00a0\u00bbmargin\u00a0\u00bb:\u00a0\u00bbdefault\u00a0\u00bb,\u00a0\u00bbmaxwidth\u00a0\u00bb:\u00a0\u00bb2xlarge\u00a0\u00bb,\u00a0\u00bbtext_align\u00a0\u00bb:\u00a0\u00bbcenter\u00a0\u00bb,\u00a0\u00bbtext_color\u00a0\u00bb:\u00a0\u00bbprimary\u00a0\u00bb,\u00a0\u00bbtext_style\u00a0\u00bb:\u00a0\u00bblead\u00a0\u00bb},\u00a0\u00bbname\u00a0\u00bb:\u00a0\u00bbLead Paragraph\u00a0\u00bb}]}]},{\u00ab\u00a0type\u00a0\u00bb:\u00a0\u00bbrow\u00a0\u00bb,\u00a0\u00bbprops\u00a0\u00bb:{\u00ab\u00a0column_gap\u00a0\u00bb:\u00a0\u00bblarge\u00a0\u00bb,\u00a0\u00bbrow_gap\u00a0\u00bb:\u00a0\u00bblarge\u00a0\u00bb,\u00a0\u00bbwidth\u00a0\u00bb:\u00a0\u00bbsmall\u00a0\u00bb},\u00a0\u00bbchildren\u00a0\u00bb:[{\u00ab\u00a0type\u00a0\u00bb:\u00a0\u00bbcolumn\u00a0\u00bb,\u00a0\u00bbprops\u00a0\u00bb:{\u00ab\u00a0image_position\u00a0\u00bb:\u00a0\u00bbcenter-center\u00a0\u00bb,\u00a0\u00bbposition_sticky_breakpoint\u00a0\u00bb:\u00a0\u00bbm\u00a0\u00bb},\u00a0\u00bbchildren\u00a0\u00bb:[{\u00ab\u00a0type\u00a0\u00bb:\u00a0\u00bbgrid\u00a0\u00bb,\u00a0\u00bbprops\u00a0\u00bb:{\u00ab\u00a0animation\u00a0\u00bb:\u00a0\u00bbnone\u00a0\u00bb,\u00a0\u00bbclass\u00a0\u00bb:\u00a0\u00bbcards-overview cards-with-link\u00a0\u00bb,\u00a0\u00bbcontent_column_breakpoint\u00a0\u00bb:\u00a0\u00bbm\u00a0\u00bb,\u00a0\u00bbfilter\u00a0\u00bb:false,\u00a0\u00bbfilter_align\u00a0\u00bb:\u00a0\u00bbleft\u00a0\u00bb,\u00a0\u00bbfilter_all\u00a0\u00bb:true,\u00a0\u00bbfilter_grid_breakpoint\u00a0\u00bb:\u00a0\u00bbm\u00a0\u00bb,\u00a0\u00bbfilter_grid_width\u00a0\u00bb:\u00a0\u00bbauto\u00a0\u00bb,\u00a0\u00bbfilter_position\u00a0\u00bb:\u00a0\u00bbtop\u00a0\u00bb,\u00a0\u00bbfilter_style\u00a0\u00bb:\u00a0\u00bbtab\u00a0\u00bb,\u00a0\u00bbgrid_column_align\u00a0\u00bb:true,\u00a0\u00bbgrid_column_gap\u00a0\u00bb:\u00a0\u00bblarge\u00a0\u00bb,\u00a0\u00bbgrid_default\u00a0\u00bb:\u00a0\u00bb1&Prime;,\u00a0\u00bbgrid_medium\u00a0\u00bb:\u00a0\u00bb\u00a0\u00bb,\u00a0\u00bbgrid_row_gap\u00a0\u00bb:\u00a0\u00bblarge\u00a0\u00bb,\u00a0\u00bbgrid_small\u00a0\u00bb:\u00a0\u00bb2&Prime;,\u00a0\u00bbicon_width\u00a0\u00bb:80,\u00a0\u00bbimage_align\u00a0\u00bb:\u00a0\u00bbtop\u00a0\u00bb,\u00a0\u00bbimage_grid_breakpoint\u00a0\u00bb:\u00a0\u00bbm\u00a0\u00bb,\u00a0\u00bbimage_grid_width\u00a0\u00bb:\u00a0\u00bb1-2&Prime;,\u00a0\u00bbimage_height\u00a0\u00bb:450,\u00a0\u00bbimage_link\u00a0\u00bb:true,\u00a0\u00bbimage_svg_color\u00a0\u00bb:\u00a0\u00bbemphasis\u00a0\u00bb,\u00a0\u00bbimage_transition\u00a0\u00bb:\u00a0\u00bbscale-up\u00a0\u00bb,\u00a0\u00bbimage_width\u00a0\u00bb:800,\u00a0\u00bbitem_animation\u00a0\u00bb:true,\u00a0\u00bblightbox\u00a0\u00bb:false,\u00a0\u00bblightbox_bg_close\u00a0\u00bb:true,\u00a0\u00bblink_margin\u00a0\u00bb:\u00a0\u00bblarge\u00a0\u00bb,\u00a0\u00bblink_style\u00a0\u00bb:\u00a0\u00bbtext\u00a0\u00bb,\u00a0\u00bblink_text\u00a0\u00bb:\u00a0\u00bb<span uk-icon=\\\"icon: arrow-right\\\"><\\\/span>\u00ab\u00a0,\u00a0\u00bbmargin\u00a0\u00bb:\u00a0\u00bbdefault\u00a0\u00bb,\u00a0\u00bbmeta_align\u00a0\u00bb:\u00a0\u00bbbelow-title\u00a0\u00bb,\u00a0\u00bbmeta_element\u00a0\u00bb:\u00a0\u00bbdiv\u00a0\u00bb,\u00a0\u00bbmeta_margin\u00a0\u00bb:\u00a0\u00bbsmall\u00a0\u00bb,\u00a0\u00bbmeta_style\u00a0\u00bb:\u00a0\u00bb\u00a0\u00bb,\u00a0\u00bbpanel_expand\u00a0\u00bb:\u00a0\u00bbcontent\u00a0\u00bb,\u00a0\u00bbpanel_image_no_padding\u00a0\u00bb:true,\u00a0\u00bbpanel_link\u00a0\u00bb:true,\u00a0\u00bbpanel_link_hover\u00a0\u00bb:\u00a0\u00bbtrue\u00a0\u00bb,\u00a0\u00bbpanel_padding\u00a0\u00bb:\u00a0\u00bbsmall\u00a0\u00bb,\u00a0\u00bbpanel_style\u00a0\u00bb:\u00a0\u00bbcard-default\u00a0\u00bb,\u00a0\u00bbshow_content\u00a0\u00bb:false,\u00a0\u00bbshow_hover_image\u00a0\u00bb:true,\u00a0\u00bbshow_hover_video\u00a0\u00bb:true,\u00a0\u00bbshow_image\u00a0\u00bb:true,\u00a0\u00bbshow_link\u00a0\u00bb:true,\u00a0\u00bbshow_meta\u00a0\u00bb:true,\u00a0\u00bbshow_title\u00a0\u00bb:true,\u00a0\u00bbshow_video\u00a0\u00bb:true,\u00a0\u00bbtitle_align\u00a0\u00bb:\u00a0\u00bbtop\u00a0\u00bb,\u00a0\u00bbtitle_element\u00a0\u00bb:\u00a0\u00bbh3&Prime;,\u00a0\u00bbtitle_grid_breakpoint\u00a0\u00bb:\u00a0\u00bbm\u00a0\u00bb,\u00a0\u00bbtitle_grid_width\u00a0\u00bb:\u00a0\u00bb1-2&Prime;,\u00a0\u00bbtitle_hover_style\u00a0\u00bb:\u00a0\u00bbreset\u00a0\u00bb,\u00a0\u00bbtitle_style\u00a0\u00bb:\u00a0\u00bbh2&Prime;},\u00a0\u00bbchildren\u00a0\u00bb:[{\u00ab\u00a0type\u00a0\u00bb:\u00a0\u00bbgrid_item\u00a0\u00bb,\u00a0\u00bbprops\u00a0\u00bb:{\u00ab\u00a0content\u00a0\u00bb:\u00a0\u00bb\u00a0\u00bb,\u00a0\u00bbimage\u00a0\u00bb:\u00a0\u00bbwp-content\\\/uploads\\\/2025\\\/07\\\/banner-customer-advantage-plan.jpg\u00a0\u00bb,\u00a0\u00bblink\u00a0\u00bb:\u00a0\u00bbfr\\\/services\\\/le-programme-avantage-client-de-sym-tech\\\/\u00a0\u00bb,\u00a0\u00bbmeta\u00a0\u00bb:\u00a0\u00bbAm\\u00e9liorez votre performance au sein du bureau commercial\u00a0\u00bb,\u00a0\u00bbtitle\u00a0\u00bb:\u00a0\u00bbLe Programme Avantage Client\\u1d39\\u1d30 de Sym-Tech\u00a0\u00bb}},{\u00ab\u00a0type\u00a0\u00bb:\u00a0\u00bbgrid_item\u00a0\u00bb,\u00a0\u00bbprops\u00a0\u00bb:{\u00ab\u00a0content\u00a0\u00bb:\u00a0\u00bb\u00a0\u00bb,\u00a0\u00bbimage\u00a0\u00bb:\u00a0\u00bbwp-content\\\/uploads\\\/2025\\\/01\\\/banner-f-i-software.jpg\u00a0\u00bb,\u00a0\u00bblink\u00a0\u00bb:\u00a0\u00bbfr\\\/services\\\/logiciel-de-commercialisation-apres-vente\\\/\u00a0\u00bb,\u00a0\u00bbmeta\u00a0\u00bb:\u00a0\u00bbAm\\u00e9liorez votre exp\\u00e9rience client et rationalisez vos op\\u00e9rations\u00a0\u00bb,\u00a0\u00bbtitle\u00a0\u00bb:\u00a0\u00bbLogiciel de commercialisation apr\\u00e8s-vente\u00a0\u00bb}},{\u00ab\u00a0type\u00a0\u00bb:\u00a0\u00bbgrid_item\u00a0\u00bb,\u00a0\u00bbprops\u00a0\u00bb:{\u00ab\u00a0content\u00a0\u00bb:\u00a0\u00bb\u00a0\u00bb,\u00a0\u00bbimage\u00a0\u00bb:\u00a0\u00bbwp-content\\\/uploads\\\/2024\\\/12\\\/banner-training.jpg\u00a0\u00bb,\u00a0\u00bblink\u00a0\u00bb:\u00a0\u00bbfr\\\/services\\\/formation\\\/\u00a0\u00bb,\u00a0\u00bbmeta\u00a0\u00bb:\u00a0\u00bbMettez votre \\u00e9quipe sur le chemin du succ\\u00e8s\u00a0\u00bb,\u00a0\u00bbtitle\u00a0\u00bb:\u00a0\u00bbFormation\u00a0\u00bb}},{\u00ab\u00a0type\u00a0\u00bb:\u00a0\u00bbgrid_item\u00a0\u00bb,\u00a0\u00bbprops\u00a0\u00bb:{\u00ab\u00a0content\u00a0\u00bb:\u00a0\u00bb\u00a0\u00bb,\u00a0\u00bbimage\u00a0\u00bb:\u00a0\u00bbwp-content\\\/uploads\\\/2025\\\/07\\\/banner-oem-partnership.jpg\u00a0\u00bb,\u00a0\u00bblink\u00a0\u00bb:\u00a0\u00bbfr\\\/services\\\/partenariat-avec-les-fabricants-dorigine-oem\\\/\u00a0\u00bb,\u00a0\u00bbmeta\u00a0\u00bb:\u00a0\u00bbFaites concevoir, lancer et soutenir votre programme de produits et services compl\\u00e9mentaires \\u00e0 la vente par des sp\\u00e9cialistes form\\u00e9s par les manufacturiers\u00a0\u00bb,\u00a0\u00bbtitle\u00a0\u00bb:\u00a0\u00bbPartenariat avec les fabricants d\\u2019\\u00e9quipement d\\u2019origine (OEM)\u00a0\u00bb}}]}]}]}]}],\u00a0\u00bbversion\u00a0\u00bb:\u00a0\u00bb4.5.15&Prime;,\u00a0\u00bbyooessentialsVersion\u00a0\u00bb:\u00a0\u00bb2.3.12&Prime;} &#8211;><\/p>\n","protected":false},"excerpt":{"rendered":"<p>Services. Nous avons con\u00e7u une gamme compl\u00e8te de solutions pour optimiser la performance de votre concession en mati\u00e8re de produits de commercialisation apr\u00e8s-vente. D\u00e9couvrez comment nos programmes destin\u00e9s aux concessionnaires, notre logiciel de commercialisation apr\u00e8s-vente ainsi que notre formation sp\u00e9cialis\u00e9e peuvent am\u00e9liorer votre rentabilit\u00e9, rationaliser vos op\u00e9rations et am\u00e9liorer l\u2019exp\u00e9rience client. Le Programme Avantage Client\u1d39\u1d30 [&hellip;]<\/p>\n","protected":false},"author":1,"featured_media":2999,"parent":0,"menu_order":6,"comment_status":"closed","ping_status":"open","template":"","meta":{"_acf_changed":false,"footnotes":""},"class_list":["post-3103","page","type-page","status-publish","has-post-thumbnail","hentry"],"acf":[],"yoast_head":"<!-- This site is optimized with the Yoast SEO plugin v27.3 - https:\/\/yoast.com\/product\/yoast-seo-wordpress\/ -->\n<title>Services et soutien aux concessionnaires - Sym-Tech<\/title>\n<meta name=\"description\" content=\"D\u00e9couvrez comment nos programmes, technologies et formations am\u00e9liorent la rentabilit\u00e9 et l\u2019exp\u00e9rience client en concession.\" \/>\n<meta name=\"robots\" content=\"index, follow, max-snippet:-1, max-image-preview:large, max-video-preview:-1\" \/>\n<link rel=\"canonical\" href=\"https:\/\/sym-tech.ca\/fr\/services\/\" \/>\n<meta property=\"og:locale\" content=\"fr_FR\" \/>\n<meta property=\"og:type\" content=\"article\" \/>\n<meta property=\"og:title\" content=\"Services et soutien aux concessionnaires - Sym-Tech\" \/>\n<meta property=\"og:description\" content=\"D\u00e9couvrez comment nos programmes, technologies et formations am\u00e9liorent la rentabilit\u00e9 et l\u2019exp\u00e9rience client en concession.\" \/>\n<meta property=\"og:url\" content=\"https:\/\/sym-tech.ca\/fr\/services\/\" \/>\n<meta property=\"og:site_name\" content=\"Sym-Tech\" \/>\n<meta property=\"article:modified_time\" content=\"2025-08-28T16:09:00+00:00\" \/>\n<meta property=\"og:image\" content=\"https:\/\/sym-tech.ca\/wp-content\/uploads\/2025\/07\/banner-services.jpg\" \/>\n\t<meta property=\"og:image:width\" content=\"2000\" \/>\n\t<meta property=\"og:image:height\" content=\"1075\" \/>\n\t<meta property=\"og:image:type\" content=\"image\/jpeg\" \/>\n<meta name=\"twitter:card\" content=\"summary_large_image\" \/>\n<script type=\"application\/ld+json\" class=\"yoast-schema-graph\">{\"@context\":\"https:\\\/\\\/schema.org\",\"@graph\":[{\"@type\":\"WebPage\",\"@id\":\"https:\\\/\\\/sym-tech.ca\\\/fr\\\/services\\\/\",\"url\":\"https:\\\/\\\/sym-tech.ca\\\/fr\\\/services\\\/\",\"name\":\"Services et soutien aux concessionnaires - Sym-Tech\",\"isPartOf\":{\"@id\":\"https:\\\/\\\/sym-tech.ca\\\/fr\\\/#website\"},\"primaryImageOfPage\":{\"@id\":\"https:\\\/\\\/sym-tech.ca\\\/fr\\\/services\\\/#primaryimage\"},\"image\":{\"@id\":\"https:\\\/\\\/sym-tech.ca\\\/fr\\\/services\\\/#primaryimage\"},\"thumbnailUrl\":\"https:\\\/\\\/sym-tech.ca\\\/wp-content\\\/uploads\\\/2025\\\/07\\\/banner-services.jpg\",\"datePublished\":\"2024-12-30T18:24:33+00:00\",\"dateModified\":\"2025-08-28T16:09:00+00:00\",\"description\":\"D\u00e9couvrez comment nos programmes, technologies et formations am\u00e9liorent la rentabilit\u00e9 et l\u2019exp\u00e9rience client en concession.\",\"breadcrumb\":{\"@id\":\"https:\\\/\\\/sym-tech.ca\\\/fr\\\/services\\\/#breadcrumb\"},\"inLanguage\":\"fr-FR\",\"potentialAction\":[{\"@type\":\"ReadAction\",\"target\":[\"https:\\\/\\\/sym-tech.ca\\\/fr\\\/services\\\/\"]}]},{\"@type\":\"ImageObject\",\"inLanguage\":\"fr-FR\",\"@id\":\"https:\\\/\\\/sym-tech.ca\\\/fr\\\/services\\\/#primaryimage\",\"url\":\"https:\\\/\\\/sym-tech.ca\\\/wp-content\\\/uploads\\\/2025\\\/07\\\/banner-services.jpg\",\"contentUrl\":\"https:\\\/\\\/sym-tech.ca\\\/wp-content\\\/uploads\\\/2025\\\/07\\\/banner-services.jpg\",\"width\":2000,\"height\":1075},{\"@type\":\"BreadcrumbList\",\"@id\":\"https:\\\/\\\/sym-tech.ca\\\/fr\\\/services\\\/#breadcrumb\",\"itemListElement\":[{\"@type\":\"ListItem\",\"position\":1,\"name\":\"Home\",\"item\":\"https:\\\/\\\/sym-tech.ca\\\/fr\\\/\"},{\"@type\":\"ListItem\",\"position\":2,\"name\":\"Services\"}]},{\"@type\":\"WebSite\",\"@id\":\"https:\\\/\\\/sym-tech.ca\\\/fr\\\/#website\",\"url\":\"https:\\\/\\\/sym-tech.ca\\\/fr\\\/\",\"name\":\"Sym-Tech Dealer Services\",\"description\":\"\",\"publisher\":{\"@id\":\"https:\\\/\\\/sym-tech.ca\\\/fr\\\/#organization\"},\"potentialAction\":[{\"@type\":\"SearchAction\",\"target\":{\"@type\":\"EntryPoint\",\"urlTemplate\":\"https:\\\/\\\/sym-tech.ca\\\/fr\\\/?s={search_term_string}\"},\"query-input\":{\"@type\":\"PropertyValueSpecification\",\"valueRequired\":true,\"valueName\":\"search_term_string\"}}],\"inLanguage\":\"fr-FR\"},{\"@type\":\"Organization\",\"@id\":\"https:\\\/\\\/sym-tech.ca\\\/fr\\\/#organization\",\"name\":\"Sym-Tech Dealer Services\",\"url\":\"https:\\\/\\\/sym-tech.ca\\\/fr\\\/\",\"logo\":{\"@type\":\"ImageObject\",\"inLanguage\":\"fr-FR\",\"@id\":\"https:\\\/\\\/sym-tech.ca\\\/fr\\\/#\\\/schema\\\/logo\\\/image\\\/\",\"url\":\"https:\\\/\\\/sym-tech.ca\\\/wp-content\\\/uploads\\\/2024\\\/07\\\/logo-symtech-en.svg\",\"contentUrl\":\"https:\\\/\\\/sym-tech.ca\\\/wp-content\\\/uploads\\\/2024\\\/07\\\/logo-symtech-en.svg\",\"width\":1,\"height\":1,\"caption\":\"Sym-Tech Dealer Services\"},\"image\":{\"@id\":\"https:\\\/\\\/sym-tech.ca\\\/fr\\\/#\\\/schema\\\/logo\\\/image\\\/\"},\"sameAs\":[\"https:\\\/\\\/www.linkedin.com\\\/company\\\/sym-tech\\\/posts\\\/?feedView=all\"]}]}<\/script>\n<!-- \/ Yoast SEO plugin. -->","yoast_head_json":{"title":"Services et soutien aux concessionnaires - Sym-Tech","description":"D\u00e9couvrez comment nos programmes, technologies et formations am\u00e9liorent la rentabilit\u00e9 et l\u2019exp\u00e9rience client en concession.","robots":{"index":"index","follow":"follow","max-snippet":"max-snippet:-1","max-image-preview":"max-image-preview:large","max-video-preview":"max-video-preview:-1"},"canonical":"https:\/\/sym-tech.ca\/fr\/services\/","og_locale":"fr_FR","og_type":"article","og_title":"Services et soutien aux concessionnaires - Sym-Tech","og_description":"D\u00e9couvrez comment nos programmes, technologies et formations am\u00e9liorent la rentabilit\u00e9 et l\u2019exp\u00e9rience client en concession.","og_url":"https:\/\/sym-tech.ca\/fr\/services\/","og_site_name":"Sym-Tech","article_modified_time":"2025-08-28T16:09:00+00:00","og_image":[{"width":2000,"height":1075,"url":"https:\/\/sym-tech.ca\/wp-content\/uploads\/2025\/07\/banner-services.jpg","type":"image\/jpeg"}],"twitter_card":"summary_large_image","schema":{"@context":"https:\/\/schema.org","@graph":[{"@type":"WebPage","@id":"https:\/\/sym-tech.ca\/fr\/services\/","url":"https:\/\/sym-tech.ca\/fr\/services\/","name":"Services et soutien aux concessionnaires - Sym-Tech","isPartOf":{"@id":"https:\/\/sym-tech.ca\/fr\/#website"},"primaryImageOfPage":{"@id":"https:\/\/sym-tech.ca\/fr\/services\/#primaryimage"},"image":{"@id":"https:\/\/sym-tech.ca\/fr\/services\/#primaryimage"},"thumbnailUrl":"https:\/\/sym-tech.ca\/wp-content\/uploads\/2025\/07\/banner-services.jpg","datePublished":"2024-12-30T18:24:33+00:00","dateModified":"2025-08-28T16:09:00+00:00","description":"D\u00e9couvrez comment nos programmes, technologies et formations am\u00e9liorent la rentabilit\u00e9 et l\u2019exp\u00e9rience client en concession.","breadcrumb":{"@id":"https:\/\/sym-tech.ca\/fr\/services\/#breadcrumb"},"inLanguage":"fr-FR","potentialAction":[{"@type":"ReadAction","target":["https:\/\/sym-tech.ca\/fr\/services\/"]}]},{"@type":"ImageObject","inLanguage":"fr-FR","@id":"https:\/\/sym-tech.ca\/fr\/services\/#primaryimage","url":"https:\/\/sym-tech.ca\/wp-content\/uploads\/2025\/07\/banner-services.jpg","contentUrl":"https:\/\/sym-tech.ca\/wp-content\/uploads\/2025\/07\/banner-services.jpg","width":2000,"height":1075},{"@type":"BreadcrumbList","@id":"https:\/\/sym-tech.ca\/fr\/services\/#breadcrumb","itemListElement":[{"@type":"ListItem","position":1,"name":"Home","item":"https:\/\/sym-tech.ca\/fr\/"},{"@type":"ListItem","position":2,"name":"Services"}]},{"@type":"WebSite","@id":"https:\/\/sym-tech.ca\/fr\/#website","url":"https:\/\/sym-tech.ca\/fr\/","name":"Sym-Tech Dealer Services","description":"","publisher":{"@id":"https:\/\/sym-tech.ca\/fr\/#organization"},"potentialAction":[{"@type":"SearchAction","target":{"@type":"EntryPoint","urlTemplate":"https:\/\/sym-tech.ca\/fr\/?s={search_term_string}"},"query-input":{"@type":"PropertyValueSpecification","valueRequired":true,"valueName":"search_term_string"}}],"inLanguage":"fr-FR"},{"@type":"Organization","@id":"https:\/\/sym-tech.ca\/fr\/#organization","name":"Sym-Tech Dealer Services","url":"https:\/\/sym-tech.ca\/fr\/","logo":{"@type":"ImageObject","inLanguage":"fr-FR","@id":"https:\/\/sym-tech.ca\/fr\/#\/schema\/logo\/image\/","url":"https:\/\/sym-tech.ca\/wp-content\/uploads\/2024\/07\/logo-symtech-en.svg","contentUrl":"https:\/\/sym-tech.ca\/wp-content\/uploads\/2024\/07\/logo-symtech-en.svg","width":1,"height":1,"caption":"Sym-Tech Dealer Services"},"image":{"@id":"https:\/\/sym-tech.ca\/fr\/#\/schema\/logo\/image\/"},"sameAs":["https:\/\/www.linkedin.com\/company\/sym-tech\/posts\/?feedView=all"]}]}},"_links":{"self":[{"href":"https:\/\/sym-tech.ca\/fr\/wp-json\/wp\/v2\/pages\/3103","targetHints":{"allow":["GET"]}}],"collection":[{"href":"https:\/\/sym-tech.ca\/fr\/wp-json\/wp\/v2\/pages"}],"about":[{"href":"https:\/\/sym-tech.ca\/fr\/wp-json\/wp\/v2\/types\/page"}],"author":[{"embeddable":true,"href":"https:\/\/sym-tech.ca\/fr\/wp-json\/wp\/v2\/users\/1"}],"replies":[{"embeddable":true,"href":"https:\/\/sym-tech.ca\/fr\/wp-json\/wp\/v2\/comments?post=3103"}],"version-history":[{"count":9,"href":"https:\/\/sym-tech.ca\/fr\/wp-json\/wp\/v2\/pages\/3103\/revisions"}],"predecessor-version":[{"id":3725,"href":"https:\/\/sym-tech.ca\/fr\/wp-json\/wp\/v2\/pages\/3103\/revisions\/3725"}],"wp:featuredmedia":[{"embeddable":true,"href":"https:\/\/sym-tech.ca\/fr\/wp-json\/wp\/v2\/media\/2999"}],"wp:attachment":[{"href":"https:\/\/sym-tech.ca\/fr\/wp-json\/wp\/v2\/media?parent=3103"}],"curies":[{"name":"wp","href":"https:\/\/api.w.org\/{rel}","templated":true}]}}