{"id":3101,"date":"2025-02-11T09:50:49","date_gmt":"2025-02-11T14:50:49","guid":{"rendered":"https:\/\/sym-tech.ca\/products\/anti-theft\/"},"modified":"2025-08-28T12:02:20","modified_gmt":"2025-08-28T16:02:20","slug":"antivol","status":"publish","type":"page","link":"https:\/\/sym-tech.ca\/fr\/produits\/antivol\/","title":{"rendered":"Antivol"},"content":{"rendered":"<h1>Antivol<span class=\"dot\">.<\/span><\/h1>\n<hr>\n<div>Protection des v\u00e9hicules lorsqu\u2019ils sont la cible de voleurs.<\/div>\n<div>\n<p>    <!-- PLACEHOLDER -->\n<\/div>\n<div>D\u00e9couvrez nos produits ax\u00e9s sur la s\u00e9curit\u00e9 et la protection, qui permettent \u00e0 vos clients de marquer leurs v\u00e9hicules et de les surveiller en temps r\u00e9el.<\/div>\n<ul>\n<li>\n<p>        <img decoding=\"async\" src=\"\/wp-content\/uploads\/2025\/07\/banner-secure-gard.jpg\" alt=\"\"><\/p>\n<h3>Secure-Gard\u1d39\u1d30<\/h3>\n<p>Protection contre le vol de v\u00e9hicules<\/p>\n<p><a href=\"https:\/\/sym-tech.ca\/fr\/produits\/antivol\/secure-gard\/\"><span uk-icon=\"icon: arrow-right\"><\/span><\/a><\/p>\n<\/li>\n<li>\n<p>        <img decoding=\"async\" src=\"\/wp-content\/uploads\/2025\/07\/banner-carrx-by-elo-gps.jpg\" alt=\"\"><\/p>\n<h3>CarRx\u1d39\u1d30 by Elo GPS\u1d39\u1d30<\/h3>\n<p>Contr\u00f4le des stocks et solutions de pr\u00e9vention des pertes<\/p>\n<p><a href=\"https:\/\/sym-tech.ca\/fr\/produits\/antivol\/carrx-by-elo-gps\/\"><span uk-icon=\"icon: arrow-right\"><\/span><\/a><\/p>\n<\/li>\n<li>\n<p>        <img decoding=\"async\" src=\"\/wp-content\/uploads\/2025\/07\/banner-datadotdna.jpg\" alt=\"\"><\/p>\n<h3>DataDotDNA\u1d39\u1d30<\/h3>\n<p>Marquez et prot\u00e9gez le v\u00e9hicule de votre client<\/p>\n<p><a href=\"https:\/\/sym-tech.ca\/fr\/produits\/antivol\/datadotdna\/\"><span uk-icon=\"icon: arrow-right\"><\/span><\/a><\/p>\n<\/li>\n<\/ul>\n<p><!--more--><br \/>\n<!-- {\"type\":\"layout\",\"children\":[{\"name\":\"Banner\",\"type\":\"section\",\"props\":{\"animation\":\"fade\",\"divider_color\":\"#FFFFFF\",\"divider_color_inherit_section\":false,\"divider_flip\":true,\"divider_height\":\"110\",\"divider_invert\":true,\"divider_layers_gap\":\"25\",\"divider_layers_opacity\":\"0.5\",\"divider_position\":\"bottom\",\"divider_responsive\":true,\"divider_shadow_blur_radius\":\"5\",\"divider_shadow_color\":\"#00000080\",\"divider_shadow_offset_x\":\"0\",\"divider_shadow_offset_y\":\"5\",\"divider_width\":\"100\",\"height_offset_top\":true,\"id\":\"banner\",\"image\":\"wp-content\\\/uploads\\\/2025\\\/07\\\/banner-anti-theft-products.jpg\",\"image_loading\":true,\"image_position\":\"center-center\",\"image_size\":\"contain\",\"media_blend_mode\":\"screen\",\"overlap\":false,\"padding_custom_bottom\":\"40\",\"padding_custom_top\":\"40\",\"padding_remove_bottom\":false,\"padding_remove_horizontal\":false,\"preserve_color\":false,\"responsive_padding_bottom_d\":\"10\",\"responsive_padding_bottom_l\":\"20\",\"responsive_padding_bottom_m\":\"10\",\"responsive_padding_bottom_s\":\"10\",\"responsive_padding_bottom_xl\":\"20\",\"responsive_padding_top_d\":\"80\",\"responsive_padding_top_l\":\"100\",\"responsive_padding_top_m\":\"100\",\"responsive_padding_top_s\":\"80\",\"responsive_padding_top_xl\":\"100\",\"style\":\"default\",\"style_custom_color\":\"#ccc\",\"title_breakpoint\":\"xl\",\"title_position\":\"top-left\",\"title_rotation\":\"left\",\"vertical_align\":\"middle\",\"width\":\"expand\",\"width_expand\":\"right\"},\"children\":[{\"type\":\"row\",\"props\":{\"column_gap\":\"collapse\",\"layout\":\"1-2,1-2\",\"padding_remove_horizontal\":false,\"parallax\":false,\"row_gap\":\"large\",\"width\":\"large\"},\"children\":[{\"type\":\"column\",\"props\":{\"id\":\"column-1\",\"image_position\":\"center-center\",\"position_sticky_breakpoint\":\"m\",\"vertical_align\":\"middle\",\"width_medium\":\"1-2\",\"width_small\":\"1-2\"},\"children\":[{\"type\":\"headline\",\"props\":{\"animation\":\"slide-top-medium\",\"block_align\":\"center\",\"block_align_breakpoint\":\"s\",\"content\":\"Antivol<span class=\\\"dot\\\">.<\\\/span>\",\"margin_remove_top\":false,\"maxwidth_breakpoint\":\"s\",\"text_align_breakpoint\":\"s\",\"text_align_fallback\":\"center\",\"title_element\":\"h1\",\"title_style\":\"heading-medium\"}},{\"type\":\"divider\",\"props\":{\"divider_element\":\"hr\",\"divider_style\":\"small\"}},{\"type\":\"text\",\"props\":{\"animation\":\"slide-bottom-medium\",\"block_align_breakpoint\":\"s\",\"block_align_fallback\":\"center\",\"column_breakpoint\":\"m\",\"content\":\"Protection des v\\u00e9hicules lorsqu\\u2019ils sont la cible de voleurs.\",\"dropcap\":false,\"margin\":\"default\",\"text_align_breakpoint\":\"s\",\"text_align_fallback\":\"center\",\"text_color\":\"muted\",\"text_style\":\"large\"}}]},{\"type\":\"column\",\"props\":{\"id\":\"column-2\",\"image\":\"wp-content\\\/uploads\\\/2024\\\/11\\\/banner-curve-vertical-expanded.png\",\"image_loading\":true,\"image_parallax_bgx\":\"0 0%,500 50%\",\"image_parallax_easing\":\"1.5\",\"image_position\":\"center-left\",\"image_size\":\"height-1-1\",\"position_sticky_breakpoint\":\"m\",\"vertical_align\":\"middle\",\"width_medium\":\"1-2\",\"width_small\":\"1-2\"},\"children\":[{\"type\":\"html\",\"props\":{\"content\":\"<!-- PLACEHOLDER -->\u00ab\u00a0},\u00a0\u00bbname\u00a0\u00bb:\u00a0\u00bbPlaceholder\u00a0\u00bb}]}]}]},{\u00ab\u00a0name\u00a0\u00bb:\u00a0\u00bbProduct Groups\u00a0\u00bb,\u00a0\u00bbtype\u00a0\u00bb:\u00a0\u00bbsection\u00a0\u00bb,\u00a0\u00bbprops\u00a0\u00bb:{\u00ab\u00a0animation_delay\u00a0\u00bb:\u00a0\u00bb100&Prime;,\u00a0\u00bbdivider_height\u00a0\u00bb:\u00a0\u00bb120&Prime;,\u00a0\u00bbdivider_layers_gap\u00a0\u00bb:\u00a0\u00bb5&Prime;,\u00a0\u00bbdivider_layers_opacity\u00a0\u00bb:\u00a0\u00bb0.5&Prime;,\u00a0\u00bbdivider_position\u00a0\u00bb:\u00a0\u00bbtop\u00a0\u00bb,\u00a0\u00bbdivider_responsive\u00a0\u00bb:true,\u00a0\u00bbdivider_shadow_blur_radius\u00a0\u00bb:\u00a0\u00bb5&Prime;,\u00a0\u00bbdivider_shadow_color\u00a0\u00bb:\u00a0\u00bb#00000080&Prime;,\u00a0\u00bbdivider_shadow_offset_x\u00a0\u00bb:\u00a0\u00bb0&Prime;,\u00a0\u00bbdivider_shadow_offset_y\u00a0\u00bb:\u00a0\u00bb5&Prime;,\u00a0\u00bbdivider_width\u00a0\u00bb:\u00a0\u00bb100&Prime;,\u00a0\u00bbimage_position\u00a0\u00bb:\u00a0\u00bbtop-center\u00a0\u00bb,\u00a0\u00bbimage_size\u00a0\u00bb:\u00a0\u00bbcover\u00a0\u00bb,\u00a0\u00bbimage_width\u00a0\u00bb:\u00a0\u00bb2560&Prime;,\u00a0\u00bbmedia_overlay\u00a0\u00bb:\u00a0\u00bbrgba(0,0,0,0)\u00a0\u00bb,\u00a0\u00bbmedia_visibility\u00a0\u00bb:\u00a0\u00bbm\u00a0\u00bb,\u00a0\u00bbpadding\u00a0\u00bb:\u00a0\u00bblarge\u00a0\u00bb,\u00a0\u00bbpadding_custom_bottom\u00a0\u00bb:\u00a0\u00bb40&Prime;,\u00a0\u00bbpadding_custom_top\u00a0\u00bb:\u00a0\u00bb40&Prime;,\u00a0\u00bbpadding_remove_bottom\u00a0\u00bb:false,\u00a0\u00bbpadding_remove_top\u00a0\u00bb:false,\u00a0\u00bbresponsive_padding_bottom_d\u00a0\u00bb:\u00a0\u00bb70&Prime;,\u00a0\u00bbresponsive_padding_bottom_l\u00a0\u00bb:\u00a0\u00bb140&Prime;,\u00a0\u00bbresponsive_padding_bottom_m\u00a0\u00bb:\u00a0\u00bb140&Prime;,\u00a0\u00bbresponsive_padding_bottom_s\u00a0\u00bb:\u00a0\u00bb70&Prime;,\u00a0\u00bbresponsive_padding_bottom_xl\u00a0\u00bb:\u00a0\u00bb140&Prime;,\u00a0\u00bbresponsive_padding_top_d\u00a0\u00bb:\u00a0\u00bb70&Prime;,\u00a0\u00bbresponsive_padding_top_l\u00a0\u00bb:\u00a0\u00bb120&Prime;,\u00a0\u00bbresponsive_padding_top_m\u00a0\u00bb:\u00a0\u00bb100&Prime;,\u00a0\u00bbresponsive_padding_top_s\u00a0\u00bb:\u00a0\u00bb70&Prime;,\u00a0\u00bbresponsive_padding_top_xl\u00a0\u00bb:\u00a0\u00bb120&Prime;,\u00a0\u00bbstyle\u00a0\u00bb:\u00a0\u00bbdefault\u00a0\u00bb,\u00a0\u00bbstyle_custom_color\u00a0\u00bb:\u00a0\u00bb#ccc\u00a0\u00bb,\u00a0\u00bbtitle_breakpoint\u00a0\u00bb:\u00a0\u00bbxl\u00a0\u00bb,\u00a0\u00bbtitle_position\u00a0\u00bb:\u00a0\u00bbtop-left\u00a0\u00bb,\u00a0\u00bbtitle_rotation\u00a0\u00bb:\u00a0\u00bbleft\u00a0\u00bb,\u00a0\u00bbvertical_align\u00a0\u00bb:\u00a0\u00bbmiddle\u00a0\u00bb,\u00a0\u00bbwidth\u00a0\u00bb:\u00a0\u00bb\u00a0\u00bb},\u00a0\u00bbchildren\u00a0\u00bb:[{\u00ab\u00a0type\u00a0\u00bb:\u00a0\u00bbrow\u00a0\u00bb,\u00a0\u00bbprops\u00a0\u00bb:{\u00ab\u00a0column_gap\u00a0\u00bb:\u00a0\u00bblarge\u00a0\u00bb,\u00a0\u00bbrow_gap\u00a0\u00bb:\u00a0\u00bblarge\u00a0\u00bb},\u00a0\u00bbchildren\u00a0\u00bb:[{\u00ab\u00a0type\u00a0\u00bb:\u00a0\u00bbcolumn\u00a0\u00bb,\u00a0\u00bbprops\u00a0\u00bb:{\u00ab\u00a0image_position\u00a0\u00bb:\u00a0\u00bbcenter-center\u00a0\u00bb,\u00a0\u00bbposition_sticky_breakpoint\u00a0\u00bb:\u00a0\u00bbm\u00a0\u00bb},\u00a0\u00bbchildren\u00a0\u00bb:[{\u00ab\u00a0type\u00a0\u00bb:\u00a0\u00bbtext\u00a0\u00bb,\u00a0\u00bbprops\u00a0\u00bb:{\u00ab\u00a0block_align\u00a0\u00bb:\u00a0\u00bbcenter\u00a0\u00bb,\u00a0\u00bbcolumn_breakpoint\u00a0\u00bb:\u00a0\u00bbm\u00a0\u00bb,\u00a0\u00bbcontent\u00a0\u00bb:\u00a0\u00bbD\\u00e9couvrez nos produits ax\\u00e9s sur la s\\u00e9curit\\u00e9 et la protection, qui permettent \\u00e0 vos clients de marquer leurs v\\u00e9hicules et de les surveiller en temps r\\u00e9el.\u00a0\u00bb,\u00a0\u00bbmargin\u00a0\u00bb:\u00a0\u00bbdefault\u00a0\u00bb,\u00a0\u00bbmaxwidth\u00a0\u00bb:\u00a0\u00bb2xlarge\u00a0\u00bb,\u00a0\u00bbtext_align\u00a0\u00bb:\u00a0\u00bbcenter\u00a0\u00bb,\u00a0\u00bbtext_color\u00a0\u00bb:\u00a0\u00bbprimary\u00a0\u00bb,\u00a0\u00bbtext_style\u00a0\u00bb:\u00a0\u00bblead\u00a0\u00bb},\u00a0\u00bbname\u00a0\u00bb:\u00a0\u00bbLead Paragraph\u00a0\u00bb}]}]},{\u00ab\u00a0type\u00a0\u00bb:\u00a0\u00bbrow\u00a0\u00bb,\u00a0\u00bbprops\u00a0\u00bb:{\u00ab\u00a0column_gap\u00a0\u00bb:\u00a0\u00bblarge\u00a0\u00bb,\u00a0\u00bbrow_gap\u00a0\u00bb:\u00a0\u00bblarge\u00a0\u00bb,\u00a0\u00bbwidth\u00a0\u00bb:\u00a0\u00bblarge\u00a0\u00bb},\u00a0\u00bbchildren\u00a0\u00bb:[{\u00ab\u00a0type\u00a0\u00bb:\u00a0\u00bbcolumn\u00a0\u00bb,\u00a0\u00bbprops\u00a0\u00bb:{\u00ab\u00a0image_position\u00a0\u00bb:\u00a0\u00bbcenter-center\u00a0\u00bb,\u00a0\u00bbposition_sticky_breakpoint\u00a0\u00bb:\u00a0\u00bbm\u00a0\u00bb},\u00a0\u00bbchildren\u00a0\u00bb:[{\u00ab\u00a0type\u00a0\u00bb:\u00a0\u00bbgrid\u00a0\u00bb,\u00a0\u00bbprops\u00a0\u00bb:{\u00ab\u00a0animation\u00a0\u00bb:\u00a0\u00bbnone\u00a0\u00bb,\u00a0\u00bbclass\u00a0\u00bb:\u00a0\u00bbcards-overview cards-with-link\u00a0\u00bb,\u00a0\u00bbcontent_column_breakpoint\u00a0\u00bb:\u00a0\u00bbm\u00a0\u00bb,\u00a0\u00bbfilter\u00a0\u00bb:false,\u00a0\u00bbfilter_align\u00a0\u00bb:\u00a0\u00bbleft\u00a0\u00bb,\u00a0\u00bbfilter_all\u00a0\u00bb:true,\u00a0\u00bbfilter_grid_breakpoint\u00a0\u00bb:\u00a0\u00bbm\u00a0\u00bb,\u00a0\u00bbfilter_grid_width\u00a0\u00bb:\u00a0\u00bbauto\u00a0\u00bb,\u00a0\u00bbfilter_position\u00a0\u00bb:\u00a0\u00bbtop\u00a0\u00bb,\u00a0\u00bbfilter_style\u00a0\u00bb:\u00a0\u00bbtab\u00a0\u00bb,\u00a0\u00bbgrid_column_align\u00a0\u00bb:true,\u00a0\u00bbgrid_column_gap\u00a0\u00bb:\u00a0\u00bblarge\u00a0\u00bb,\u00a0\u00bbgrid_default\u00a0\u00bb:\u00a0\u00bb1&Prime;,\u00a0\u00bbgrid_large\u00a0\u00bb:\u00a0\u00bb3&Prime;,\u00a0\u00bbgrid_medium\u00a0\u00bb:\u00a0\u00bb\u00a0\u00bb,\u00a0\u00bbgrid_row_gap\u00a0\u00bb:\u00a0\u00bblarge\u00a0\u00bb,\u00a0\u00bbgrid_small\u00a0\u00bb:\u00a0\u00bb2&Prime;,\u00a0\u00bbgrid_xlarge\u00a0\u00bb:\u00a0\u00bb3&Prime;,\u00a0\u00bbicon_width\u00a0\u00bb:80,\u00a0\u00bbimage_align\u00a0\u00bb:\u00a0\u00bbtop\u00a0\u00bb,\u00a0\u00bbimage_grid_breakpoint\u00a0\u00bb:\u00a0\u00bbm\u00a0\u00bb,\u00a0\u00bbimage_grid_width\u00a0\u00bb:\u00a0\u00bb1-2&Prime;,\u00a0\u00bbimage_height\u00a0\u00bb:450,\u00a0\u00bbimage_link\u00a0\u00bb:true,\u00a0\u00bbimage_svg_color\u00a0\u00bb:\u00a0\u00bbemphasis\u00a0\u00bb,\u00a0\u00bbimage_transition\u00a0\u00bb:\u00a0\u00bbscale-up\u00a0\u00bb,\u00a0\u00bbimage_transition_border\u00a0\u00bb:false,\u00a0\u00bbimage_width\u00a0\u00bb:800,\u00a0\u00bbitem_animation\u00a0\u00bb:true,\u00a0\u00bblightbox\u00a0\u00bb:false,\u00a0\u00bblightbox_bg_close\u00a0\u00bb:true,\u00a0\u00bblink_margin\u00a0\u00bb:\u00a0\u00bblarge\u00a0\u00bb,\u00a0\u00bblink_style\u00a0\u00bb:\u00a0\u00bbtext\u00a0\u00bb,\u00a0\u00bblink_text\u00a0\u00bb:\u00a0\u00bb<span uk-icon=\\\"icon: arrow-right\\\"><\\\/span>\u00ab\u00a0,\u00a0\u00bbmargin\u00a0\u00bb:\u00a0\u00bbdefault\u00a0\u00bb,\u00a0\u00bbmeta_align\u00a0\u00bb:\u00a0\u00bbbelow-title\u00a0\u00bb,\u00a0\u00bbmeta_element\u00a0\u00bb:\u00a0\u00bbdiv\u00a0\u00bb,\u00a0\u00bbmeta_margin\u00a0\u00bb:\u00a0\u00bbsmall\u00a0\u00bb,\u00a0\u00bbmeta_style\u00a0\u00bb:\u00a0\u00bb\u00a0\u00bb,\u00a0\u00bbpanel_expand\u00a0\u00bb:\u00a0\u00bbcontent\u00a0\u00bb,\u00a0\u00bbpanel_image_no_padding\u00a0\u00bb:true,\u00a0\u00bbpanel_link\u00a0\u00bb:true,\u00a0\u00bbpanel_link_hover\u00a0\u00bb:\u00a0\u00bbtrue\u00a0\u00bb,\u00a0\u00bbpanel_padding\u00a0\u00bb:\u00a0\u00bbsmall\u00a0\u00bb,\u00a0\u00bbpanel_style\u00a0\u00bb:\u00a0\u00bbcard-default\u00a0\u00bb,\u00a0\u00bbshow_content\u00a0\u00bb:false,\u00a0\u00bbshow_hover_image\u00a0\u00bb:true,\u00a0\u00bbshow_hover_video\u00a0\u00bb:true,\u00a0\u00bbshow_image\u00a0\u00bb:true,\u00a0\u00bbshow_link\u00a0\u00bb:true,\u00a0\u00bbshow_meta\u00a0\u00bb:true,\u00a0\u00bbshow_title\u00a0\u00bb:true,\u00a0\u00bbshow_video\u00a0\u00bb:true,\u00a0\u00bbtitle_align\u00a0\u00bb:\u00a0\u00bbtop\u00a0\u00bb,\u00a0\u00bbtitle_element\u00a0\u00bb:\u00a0\u00bbh3&Prime;,\u00a0\u00bbtitle_grid_breakpoint\u00a0\u00bb:\u00a0\u00bbm\u00a0\u00bb,\u00a0\u00bbtitle_grid_width\u00a0\u00bb:\u00a0\u00bb1-2&Prime;,\u00a0\u00bbtitle_hover_style\u00a0\u00bb:\u00a0\u00bbreset\u00a0\u00bb,\u00a0\u00bbtitle_style\u00a0\u00bb:\u00a0\u00bbh2&Prime;},\u00a0\u00bbchildren\u00a0\u00bb:[{\u00ab\u00a0type\u00a0\u00bb:\u00a0\u00bbgrid_item\u00a0\u00bb,\u00a0\u00bbprops\u00a0\u00bb:{\u00ab\u00a0content\u00a0\u00bb:\u00a0\u00bb\u00a0\u00bb,\u00a0\u00bbimage\u00a0\u00bb:\u00a0\u00bbwp-content\\\/uploads\\\/2025\\\/07\\\/banner-secure-gard.jpg\u00a0\u00bb,\u00a0\u00bblink\u00a0\u00bb:\u00a0\u00bbfr\\\/produits\\\/antivol\\\/secure-gard\\\/\u00a0\u00bb,\u00a0\u00bbmeta\u00a0\u00bb:\u00a0\u00bbProtection contre le vol de v\\u00e9hicules\u00a0\u00bb,\u00a0\u00bbtitle\u00a0\u00bb:\u00a0\u00bbSecure-Gard\\u1d39\\u1d30&Prime;}},{\u00ab\u00a0type\u00a0\u00bb:\u00a0\u00bbgrid_item\u00a0\u00bb,\u00a0\u00bbprops\u00a0\u00bb:{\u00ab\u00a0content\u00a0\u00bb:\u00a0\u00bb\u00a0\u00bb,\u00a0\u00bbimage\u00a0\u00bb:\u00a0\u00bbwp-content\\\/uploads\\\/2025\\\/07\\\/banner-carrx-by-elo-gps.jpg\u00a0\u00bb,\u00a0\u00bblink\u00a0\u00bb:\u00a0\u00bbfr\\\/produits\\\/antivol\\\/carrx-by-elo-gps\\\/\u00a0\u00bb,\u00a0\u00bbmeta\u00a0\u00bb:\u00a0\u00bbContr\\u00f4le des stocks et solutions de pr\\u00e9vention des pertes\u00a0\u00bb,\u00a0\u00bbtitle\u00a0\u00bb:\u00a0\u00bbCarRx\\u1d39\\u1d30 by Elo GPS\\u1d39\\u1d30&Prime;}},{\u00ab\u00a0type\u00a0\u00bb:\u00a0\u00bbgrid_item\u00a0\u00bb,\u00a0\u00bbprops\u00a0\u00bb:{\u00ab\u00a0content\u00a0\u00bb:\u00a0\u00bb\u00a0\u00bb,\u00a0\u00bbimage\u00a0\u00bb:\u00a0\u00bbwp-content\\\/uploads\\\/2025\\\/07\\\/banner-datadotdna.jpg\u00a0\u00bb,\u00a0\u00bblink\u00a0\u00bb:\u00a0\u00bbfr\\\/produits\\\/antivol\\\/datadotdna\\\/\u00a0\u00bb,\u00a0\u00bbmeta\u00a0\u00bb:\u00a0\u00bbMarquez et prot\\u00e9gez le v\\u00e9hicule de votre client\u00a0\u00bb,\u00a0\u00bbtitle\u00a0\u00bb:\u00a0\u00bbDataDotDNA\\u1d39\\u1d30&Prime;}}]}]}]}]}],\u00a0\u00bbversion\u00a0\u00bb:\u00a0\u00bb4.5.15&Prime;,\u00a0\u00bbyooessentialsVersion\u00a0\u00bb:\u00a0\u00bb2.3.12&Prime;} &#8211;><\/p>\n","protected":false},"excerpt":{"rendered":"<p>Antivol. Protection des v\u00e9hicules lorsqu\u2019ils sont la cible de voleurs. D\u00e9couvrez nos produits ax\u00e9s sur la s\u00e9curit\u00e9 et la protection, qui permettent \u00e0 vos clients de marquer leurs v\u00e9hicules et de les surveiller en temps r\u00e9el. Secure-Gard\u1d39\u1d30 Protection contre le vol de v\u00e9hicules CarRx\u1d39\u1d30 by Elo GPS\u1d39\u1d30 Contr\u00f4le des stocks et solutions de pr\u00e9vention des [&hellip;]<\/p>\n","protected":false},"author":1,"featured_media":2964,"parent":3093,"menu_order":2,"comment_status":"closed","ping_status":"open","template":"","meta":{"_acf_changed":false,"footnotes":""},"class_list":["post-3101","page","type-page","status-publish","has-post-thumbnail","hentry"],"acf":[],"yoast_head":"<!-- This site is optimized with the Yoast SEO plugin v27.3 - https:\/\/yoast.com\/product\/yoast-seo-wordpress\/ -->\n<title>Solutions de protection automobile contre le vol - Sym-Tech<\/title>\n<meta name=\"description\" content=\"Solutions de protection antivol pour s\u00e9curiser les v\u00e9hicules de vos clients et renforcer leur tranquillit\u00e9 d\u2019esprit.\" \/>\n<meta name=\"robots\" content=\"index, follow, max-snippet:-1, max-image-preview:large, max-video-preview:-1\" \/>\n<link rel=\"canonical\" href=\"https:\/\/sym-tech.ca\/fr\/produits\/antivol\/\" \/>\n<meta property=\"og:locale\" content=\"fr_FR\" \/>\n<meta property=\"og:type\" content=\"article\" \/>\n<meta property=\"og:title\" content=\"Solutions de protection automobile contre le vol - Sym-Tech\" \/>\n<meta property=\"og:description\" content=\"Solutions de protection antivol pour s\u00e9curiser les v\u00e9hicules de vos clients et renforcer leur tranquillit\u00e9 d\u2019esprit.\" \/>\n<meta property=\"og:url\" content=\"https:\/\/sym-tech.ca\/fr\/produits\/antivol\/\" \/>\n<meta property=\"og:site_name\" content=\"Sym-Tech\" \/>\n<meta property=\"article:modified_time\" content=\"2025-08-28T16:02:20+00:00\" \/>\n<meta property=\"og:image\" content=\"https:\/\/sym-tech.ca\/wp-content\/uploads\/2025\/07\/banner-anti-theft-products.jpg\" \/>\n\t<meta property=\"og:image:width\" content=\"2000\" \/>\n\t<meta property=\"og:image:height\" content=\"1335\" \/>\n\t<meta property=\"og:image:type\" content=\"image\/jpeg\" \/>\n<meta name=\"twitter:card\" content=\"summary_large_image\" \/>\n<script type=\"application\/ld+json\" class=\"yoast-schema-graph\">{\"@context\":\"https:\\\/\\\/schema.org\",\"@graph\":[{\"@type\":\"WebPage\",\"@id\":\"https:\\\/\\\/sym-tech.ca\\\/fr\\\/produits\\\/antivol\\\/\",\"url\":\"https:\\\/\\\/sym-tech.ca\\\/fr\\\/produits\\\/antivol\\\/\",\"name\":\"Solutions de protection automobile contre le vol - Sym-Tech\",\"isPartOf\":{\"@id\":\"https:\\\/\\\/sym-tech.ca\\\/fr\\\/#website\"},\"primaryImageOfPage\":{\"@id\":\"https:\\\/\\\/sym-tech.ca\\\/fr\\\/produits\\\/antivol\\\/#primaryimage\"},\"image\":{\"@id\":\"https:\\\/\\\/sym-tech.ca\\\/fr\\\/produits\\\/antivol\\\/#primaryimage\"},\"thumbnailUrl\":\"https:\\\/\\\/sym-tech.ca\\\/wp-content\\\/uploads\\\/2025\\\/07\\\/banner-anti-theft-products.jpg\",\"datePublished\":\"2025-02-11T14:50:49+00:00\",\"dateModified\":\"2025-08-28T16:02:20+00:00\",\"description\":\"Solutions de protection antivol pour s\u00e9curiser les v\u00e9hicules de vos clients et renforcer leur tranquillit\u00e9 d\u2019esprit.\",\"breadcrumb\":{\"@id\":\"https:\\\/\\\/sym-tech.ca\\\/fr\\\/produits\\\/antivol\\\/#breadcrumb\"},\"inLanguage\":\"fr-FR\",\"potentialAction\":[{\"@type\":\"ReadAction\",\"target\":[\"https:\\\/\\\/sym-tech.ca\\\/fr\\\/produits\\\/antivol\\\/\"]}]},{\"@type\":\"ImageObject\",\"inLanguage\":\"fr-FR\",\"@id\":\"https:\\\/\\\/sym-tech.ca\\\/fr\\\/produits\\\/antivol\\\/#primaryimage\",\"url\":\"https:\\\/\\\/sym-tech.ca\\\/wp-content\\\/uploads\\\/2025\\\/07\\\/banner-anti-theft-products.jpg\",\"contentUrl\":\"https:\\\/\\\/sym-tech.ca\\\/wp-content\\\/uploads\\\/2025\\\/07\\\/banner-anti-theft-products.jpg\",\"width\":2000,\"height\":1335},{\"@type\":\"BreadcrumbList\",\"@id\":\"https:\\\/\\\/sym-tech.ca\\\/fr\\\/produits\\\/antivol\\\/#breadcrumb\",\"itemListElement\":[{\"@type\":\"ListItem\",\"position\":1,\"name\":\"Home\",\"item\":\"https:\\\/\\\/sym-tech.ca\\\/fr\\\/\"},{\"@type\":\"ListItem\",\"position\":2,\"name\":\"Produits\",\"item\":\"https:\\\/\\\/sym-tech.ca\\\/fr\\\/produits\\\/\"},{\"@type\":\"ListItem\",\"position\":3,\"name\":\"Antivol\"}]},{\"@type\":\"WebSite\",\"@id\":\"https:\\\/\\\/sym-tech.ca\\\/fr\\\/#website\",\"url\":\"https:\\\/\\\/sym-tech.ca\\\/fr\\\/\",\"name\":\"Sym-Tech Dealer Services\",\"description\":\"\",\"publisher\":{\"@id\":\"https:\\\/\\\/sym-tech.ca\\\/fr\\\/#organization\"},\"potentialAction\":[{\"@type\":\"SearchAction\",\"target\":{\"@type\":\"EntryPoint\",\"urlTemplate\":\"https:\\\/\\\/sym-tech.ca\\\/fr\\\/?s={search_term_string}\"},\"query-input\":{\"@type\":\"PropertyValueSpecification\",\"valueRequired\":true,\"valueName\":\"search_term_string\"}}],\"inLanguage\":\"fr-FR\"},{\"@type\":\"Organization\",\"@id\":\"https:\\\/\\\/sym-tech.ca\\\/fr\\\/#organization\",\"name\":\"Sym-Tech Dealer Services\",\"url\":\"https:\\\/\\\/sym-tech.ca\\\/fr\\\/\",\"logo\":{\"@type\":\"ImageObject\",\"inLanguage\":\"fr-FR\",\"@id\":\"https:\\\/\\\/sym-tech.ca\\\/fr\\\/#\\\/schema\\\/logo\\\/image\\\/\",\"url\":\"https:\\\/\\\/sym-tech.ca\\\/wp-content\\\/uploads\\\/2024\\\/07\\\/logo-symtech-en.svg\",\"contentUrl\":\"https:\\\/\\\/sym-tech.ca\\\/wp-content\\\/uploads\\\/2024\\\/07\\\/logo-symtech-en.svg\",\"width\":1,\"height\":1,\"caption\":\"Sym-Tech Dealer Services\"},\"image\":{\"@id\":\"https:\\\/\\\/sym-tech.ca\\\/fr\\\/#\\\/schema\\\/logo\\\/image\\\/\"},\"sameAs\":[\"https:\\\/\\\/www.linkedin.com\\\/company\\\/sym-tech\\\/posts\\\/?feedView=all\"]}]}<\/script>\n<!-- \/ Yoast SEO plugin. -->","yoast_head_json":{"title":"Solutions de protection automobile contre le vol - Sym-Tech","description":"Solutions de protection antivol pour s\u00e9curiser les v\u00e9hicules de vos clients et renforcer leur tranquillit\u00e9 d\u2019esprit.","robots":{"index":"index","follow":"follow","max-snippet":"max-snippet:-1","max-image-preview":"max-image-preview:large","max-video-preview":"max-video-preview:-1"},"canonical":"https:\/\/sym-tech.ca\/fr\/produits\/antivol\/","og_locale":"fr_FR","og_type":"article","og_title":"Solutions de protection automobile contre le vol - Sym-Tech","og_description":"Solutions de protection antivol pour s\u00e9curiser les v\u00e9hicules de vos clients et renforcer leur tranquillit\u00e9 d\u2019esprit.","og_url":"https:\/\/sym-tech.ca\/fr\/produits\/antivol\/","og_site_name":"Sym-Tech","article_modified_time":"2025-08-28T16:02:20+00:00","og_image":[{"width":2000,"height":1335,"url":"https:\/\/sym-tech.ca\/wp-content\/uploads\/2025\/07\/banner-anti-theft-products.jpg","type":"image\/jpeg"}],"twitter_card":"summary_large_image","schema":{"@context":"https:\/\/schema.org","@graph":[{"@type":"WebPage","@id":"https:\/\/sym-tech.ca\/fr\/produits\/antivol\/","url":"https:\/\/sym-tech.ca\/fr\/produits\/antivol\/","name":"Solutions de protection automobile contre le vol - Sym-Tech","isPartOf":{"@id":"https:\/\/sym-tech.ca\/fr\/#website"},"primaryImageOfPage":{"@id":"https:\/\/sym-tech.ca\/fr\/produits\/antivol\/#primaryimage"},"image":{"@id":"https:\/\/sym-tech.ca\/fr\/produits\/antivol\/#primaryimage"},"thumbnailUrl":"https:\/\/sym-tech.ca\/wp-content\/uploads\/2025\/07\/banner-anti-theft-products.jpg","datePublished":"2025-02-11T14:50:49+00:00","dateModified":"2025-08-28T16:02:20+00:00","description":"Solutions de protection antivol pour s\u00e9curiser les v\u00e9hicules de vos clients et renforcer leur tranquillit\u00e9 d\u2019esprit.","breadcrumb":{"@id":"https:\/\/sym-tech.ca\/fr\/produits\/antivol\/#breadcrumb"},"inLanguage":"fr-FR","potentialAction":[{"@type":"ReadAction","target":["https:\/\/sym-tech.ca\/fr\/produits\/antivol\/"]}]},{"@type":"ImageObject","inLanguage":"fr-FR","@id":"https:\/\/sym-tech.ca\/fr\/produits\/antivol\/#primaryimage","url":"https:\/\/sym-tech.ca\/wp-content\/uploads\/2025\/07\/banner-anti-theft-products.jpg","contentUrl":"https:\/\/sym-tech.ca\/wp-content\/uploads\/2025\/07\/banner-anti-theft-products.jpg","width":2000,"height":1335},{"@type":"BreadcrumbList","@id":"https:\/\/sym-tech.ca\/fr\/produits\/antivol\/#breadcrumb","itemListElement":[{"@type":"ListItem","position":1,"name":"Home","item":"https:\/\/sym-tech.ca\/fr\/"},{"@type":"ListItem","position":2,"name":"Produits","item":"https:\/\/sym-tech.ca\/fr\/produits\/"},{"@type":"ListItem","position":3,"name":"Antivol"}]},{"@type":"WebSite","@id":"https:\/\/sym-tech.ca\/fr\/#website","url":"https:\/\/sym-tech.ca\/fr\/","name":"Sym-Tech Dealer Services","description":"","publisher":{"@id":"https:\/\/sym-tech.ca\/fr\/#organization"},"potentialAction":[{"@type":"SearchAction","target":{"@type":"EntryPoint","urlTemplate":"https:\/\/sym-tech.ca\/fr\/?s={search_term_string}"},"query-input":{"@type":"PropertyValueSpecification","valueRequired":true,"valueName":"search_term_string"}}],"inLanguage":"fr-FR"},{"@type":"Organization","@id":"https:\/\/sym-tech.ca\/fr\/#organization","name":"Sym-Tech Dealer Services","url":"https:\/\/sym-tech.ca\/fr\/","logo":{"@type":"ImageObject","inLanguage":"fr-FR","@id":"https:\/\/sym-tech.ca\/fr\/#\/schema\/logo\/image\/","url":"https:\/\/sym-tech.ca\/wp-content\/uploads\/2024\/07\/logo-symtech-en.svg","contentUrl":"https:\/\/sym-tech.ca\/wp-content\/uploads\/2024\/07\/logo-symtech-en.svg","width":1,"height":1,"caption":"Sym-Tech Dealer Services"},"image":{"@id":"https:\/\/sym-tech.ca\/fr\/#\/schema\/logo\/image\/"},"sameAs":["https:\/\/www.linkedin.com\/company\/sym-tech\/posts\/?feedView=all"]}]}},"_links":{"self":[{"href":"https:\/\/sym-tech.ca\/fr\/wp-json\/wp\/v2\/pages\/3101","targetHints":{"allow":["GET"]}}],"collection":[{"href":"https:\/\/sym-tech.ca\/fr\/wp-json\/wp\/v2\/pages"}],"about":[{"href":"https:\/\/sym-tech.ca\/fr\/wp-json\/wp\/v2\/types\/page"}],"author":[{"embeddable":true,"href":"https:\/\/sym-tech.ca\/fr\/wp-json\/wp\/v2\/users\/1"}],"replies":[{"embeddable":true,"href":"https:\/\/sym-tech.ca\/fr\/wp-json\/wp\/v2\/comments?post=3101"}],"version-history":[{"count":6,"href":"https:\/\/sym-tech.ca\/fr\/wp-json\/wp\/v2\/pages\/3101\/revisions"}],"predecessor-version":[{"id":3701,"href":"https:\/\/sym-tech.ca\/fr\/wp-json\/wp\/v2\/pages\/3101\/revisions\/3701"}],"up":[{"embeddable":true,"href":"https:\/\/sym-tech.ca\/fr\/wp-json\/wp\/v2\/pages\/3093"}],"wp:featuredmedia":[{"embeddable":true,"href":"https:\/\/sym-tech.ca\/fr\/wp-json\/wp\/v2\/media\/2964"}],"wp:attachment":[{"href":"https:\/\/sym-tech.ca\/fr\/wp-json\/wp\/v2\/media?parent=3101"}],"curies":[{"name":"wp","href":"https:\/\/api.w.org\/{rel}","templated":true}]}}